{"id":4014,"date":"2021-05-12T14:27:27","date_gmt":"2021-05-12T14:27:27","guid":{"rendered":"http:\/\/lapiendrius.com.br\/pt\/lacteos-2\/"},"modified":"2025-06-17T16:33:38","modified_gmt":"2025-06-17T16:33:38","slug":"oleos","status":"publish","type":"page","link":"https:\/\/lapiendrius.com.br\/pt\/oleos\/","title":{"rendered":"\u00d3leos Essenciais"},"content":{"rendered":"[vc_row type=&#8221;in_container&#8221; full_screen_row_position=&#8221;middle&#8221; scene_position=&#8221;center&#8221; text_color=&#8221;dark&#8221; text_align=&#8221;left&#8221; top_padding=&#8221;4%&#8221; overlay_strength=&#8221;0.3&#8243; shape_divider_position=&#8221;bottom&#8221; shape_type=&#8221;&#8221;][vc_column enable_animation=&#8221;true&#8221; animation=&#8221;none&#8221; column_padding=&#8221;no-extra-padding&#8221; column_padding_position=&#8221;top&#8221; background_color_opacity=&#8221;1&#8243; background_hover_color_opacity=&#8221;1&#8243; column_shadow=&#8221;none&#8221; column_border_radius=&#8221;none&#8221; width=&#8221;1\/4&#8243; tablet_text_alignment=&#8221;default&#8221; phone_text_alignment=&#8221;default&#8221; column_border_width=&#8221;none&#8221; column_border_style=&#8221;solid&#8221; delay=&#8221;200&#8243;][vc_column_text css_animation=&#8221;none&#8221; css=&#8221;.vc_custom_1750177980705{padding-bottom: 4% !important;}&#8221;]\n<h4 style=\"text-align: left;\">Nossos produtos:<\/h4>\n[\/vc_column_text][vc_wp_custommenu nav_menu=&#8221;57&#8243;][\/vc_column][vc_column column_padding=&#8221;no-extra-padding&#8221; column_padding_position=&#8221;top&#8221; background_color_opacity=&#8221;1&#8243; background_hover_color_opacity=&#8221;1&#8243; column_shadow=&#8221;none&#8221; column_border_radius=&#8221;none&#8221; width=&#8221;1\/4&#8243; tablet_text_alignment=&#8221;default&#8221; phone_text_alignment=&#8221;default&#8221; column_border_width=&#8221;none&#8221; column_border_style=&#8221;solid&#8221;][vc_column_text css_animation=&#8221;none&#8221;]\n<h2 style=\"text-align: right;\">\u00d3leos Essenciais<\/h2>\n<h3 style=\"text-align: right;\">folhas, ra\u00edzes, sementes, frutos,\u00a0flores, plantas<\/h3>\n[\/vc_column_text][\/vc_column][vc_column column_padding=&#8221;no-extra-padding&#8221; column_padding_position=&#8221;all&#8221; background_color_opacity=&#8221;1&#8243; background_hover_color_opacity=&#8221;1&#8243; column_shadow=&#8221;none&#8221; column_border_radius=&#8221;none&#8221; width=&#8221;2\/4&#8243; tablet_text_alignment=&#8221;default&#8221; phone_text_alignment=&#8221;default&#8221; column_border_width=&#8221;none&#8221; column_border_style=&#8221;solid&#8221;][vc_column_text css_animation=&#8221;none&#8221;]Os \u00f3leos essenciais t\u00eam sido usados h\u00e1 s\u00e9culos no preparo de alimentos, em tratamentos de beleza e nas pr\u00e1ticas e cuidados de bem-estar. Esses \u00f3leos, extra\u00eddos de plantas, flores e frutos, oferecem uma vasta gama de benef\u00edcios, desde propriedades terap\u00eauticas at\u00e9 fragr\u00e2ncias agrad\u00e1veis e naturais. Diante disso, a Lapiendrius Flavors, de forma vision\u00e1ria, aderiu a esse elemento valioso em nossos produtos, buscando proporcionar a melhor experi\u00eancia aos nossos clientes.<\/p>\n<p>A popularidade dos \u00f3leos essenciais tem crescido exponencialmente, e cada vez mais pessoas est\u00e3o descobrindo sua import\u00e2ncia no mercado de aromas e bem-estar. Al\u00e9m de serem uma tend\u00eancia inovadora, os \u00f3leos essenciais t\u00eam mostrado benef\u00edcios concretos e variados. Por exemplo, o \u00f3leo de lavanda \u00e9 amplamente conhecido por suas propriedades calmantes e relaxantes, enquanto o \u00f3leo de lim\u00e3o \u00e9 valorizado por seu poder estimulante e refrescante. O \u00f3leo de tea tree, por sua vez, \u00e9 um excelente agente de limpeza natural devido \u00e0s suas propriedades antimicrobianas.<\/p>\n<p>Os \u00f3leos essenciais podem ser utilizados de diversas formas: em difusores de ambiente, misturados em cremes e lo\u00e7\u00f5es para a pele, adicionados a receitas culin\u00e1rias, ou at\u00e9 mesmo incorporados em produtos de limpeza caseiros. Cada tipo de \u00f3leo essencial possui suas caracter\u00edsticas e benef\u00edcios \u00fanicos, proporcionando uma experi\u00eancia personalizada de bem-estar.<\/p>\n<p>Na Lapiendrius, estamos comprometidos em oferecer produtos de alta qualidade que utilizam \u00f3leos essenciais de maneira inovadora e eficaz. Nossa ampla gama de produtos inclui op\u00e7\u00f5es para cuidados pessoais, aromaterapia, e at\u00e9 ingredientes para produtos assados. Utilizamos apenas os melhores \u00f3leos essenciais, garantindo que cada produto ofere\u00e7a o m\u00e1ximo de benef\u00edcios e efic\u00e1cia.<\/p>\n<p>Se voc\u00ea est\u00e1 interessado em descobrir mais sobre como os \u00f3leos essenciais podem melhorar sua vida e o seu bem-estar, n\u00e3o hesite <a href=\"https:\/\/lapiendrius.com.br\/pt\/contato\/\">em entrar em contato conosco<\/a>. Nossa equipe est\u00e1 pronta para fornecer mais informa\u00e7\u00f5es sobre nossa ampla gama de ingredientes para produtos assados e outros itens enriquecidos com \u00f3leos essenciais. Na Lapiendrius Flavors, estamos aqui para ajudar voc\u00ea a explorar todas as possibilidades que os \u00f3leos essenciais t\u00eam a oferecer, trazendo mais <a href=\"https:\/\/www.instagram.com\/p\/C6ZhJGDvYU3\/?utm_source=ig_web_copy_link&amp;igsh=MzRlODBiNWFlZA==\">sa\u00fade, bem-estar<\/a>.[\/vc_column_text][\/vc_column][\/vc_row][vc_row type=&#8221;full_width_background&#8221; full_screen_row_position=&#8221;middle&#8221; bg_color=&#8221;#eec43c&#8221; scene_position=&#8221;center&#8221; text_color=&#8221;light&#8221; text_align=&#8221;left&#8221; top_padding=&#8221;2%&#8221; bottom_padding=&#8221;2%&#8221; overlay_strength=&#8221;0.3&#8243; shape_divider_position=&#8221;bottom&#8221; shape_type=&#8221;&#8221;][vc_column column_padding=&#8221;no-extra-padding&#8221; column_padding_position=&#8221;all&#8221; background_color_opacity=&#8221;1&#8243; background_hover_color_opacity=&#8221;1&#8243; column_shadow=&#8221;none&#8221; column_border_radius=&#8221;none&#8221; width=&#8221;2\/3&#8243; tablet_text_alignment=&#8221;default&#8221; phone_text_alignment=&#8221;default&#8221; column_border_width=&#8221;none&#8221; column_border_style=&#8221;solid&#8221;][vc_custom_heading text=&#8221;Entre em contato com nossos especialistas e<br \/>\nconsulte nossas op\u00e7\u00f5es de aromas para \u00f3leos essenciais.&#8221; font_container=&#8221;tag:p|font_size:24px|text_align:center|color:%23ffffff&#8221; google_fonts=&#8221;font_family:Roboto%3A100%2C100italic%2C300%2C300italic%2Cregular%2Citalic%2C500%2C500italic%2C700%2C700italic%2C900%2C900italic|font_style:100%20light%20regular%3A100%3Anormal&#8221; link=&#8221;url:http%3A%2F%2Fwww.lapiendrius.com.br%2Fpt%2Fcontato%2F|title:Contato||&#8221; el_class=&#8221;textoRodapeproduto&#8221;][\/vc_column][vc_column column_padding=&#8221;no-extra-padding&#8221; column_padding_position=&#8221;all&#8221; background_color_opacity=&#8221;1&#8243; background_hover_color_opacity=&#8221;1&#8243; column_shadow=&#8221;none&#8221; column_border_radius=&#8221;none&#8221; width=&#8221;1\/3&#8243; tablet_text_alignment=&#8221;default&#8221; phone_text_alignment=&#8221;default&#8221; column_border_width=&#8221;none&#8221; column_border_style=&#8221;solid&#8221;][nectar_btn size=&#8221;medium&#8221; button_style=&#8221;regular&#8221; button_color_2=&#8221;Extra-Color-1&#8243; color_override=&#8221;#9b9393&#8243; icon_family=&#8221;none&#8221; url=&#8221;https:\/\/www.lapiendrius.com.br\/pt\/contato\/&#8221; text=&#8221;Entre em contato&#8221; css_animation=&#8221;none&#8221;][\/vc_column][\/vc_row]\n","protected":false},"excerpt":{"rendered":"<p>[vc_row type=&#8221;in_container&#8221; full_screen_row_position=&#8221;middle&#8221; scene_position=&#8221;center&#8221; text_color=&#8221;dark&#8221; text_align=&#8221;left&#8221; top_padding=&#8221;4%&#8221; overlay_strength=&#8221;0.3&#8243; shape_divider_position=&#8221;bottom&#8221; shape_type=&#8221;&#8221;][vc_column enable_animation=&#8221;true&#8221; animation=&#8221;none&#8221; column_padding=&#8221;no-extra-padding&#8221; column_padding_position=&#8221;top&#8221; background_color_opacity=&#8221;1&#8243; background_hover_color_opacity=&#8221;1&#8243; column_shadow=&#8221;none&#8221; column_border_radius=&#8221;none&#8221; width=&#8221;1\/4&#8243; tablet_text_alignment=&#8221;default&#8221; phone_text_alignment=&#8221;default&#8221; column_border_width=&#8221;none&#8221; column_border_style=&#8221;solid&#8221; delay=&#8221;200&#8243;][vc_column_text css_animation=&#8221;none&#8221; css=&#8221;.vc_custom_1750177980705{padding-bottom: 4% !important;}&#8221;] Nossos produtos:&#8230;<\/p>\n","protected":false},"author":6,"featured_media":5427,"parent":0,"menu_order":0,"comment_status":"closed","ping_status":"closed","template":"","meta":{"om_disable_all_campaigns":false,"_uag_custom_page_level_css":"","footnotes":""},"class_list":["post-4014","page","type-page","status-publish","has-post-thumbnail"],"yoast_head":"<!-- This site is optimized with the Yoast SEO plugin v24.9 - https:\/\/yoast.com\/wordpress\/plugins\/seo\/ -->\n<title>\u00d3leos Essenciais | Lapiendrius Flavors<\/title>\n<meta name=\"description\" content=\"Fornecemos os mais diversos tipos de \u00d3leos Essenciais onde garantimos qualidade e pre\u00e7o nas varia\u00e7\u00f5es de folhas, frutos, ra\u00edzes e muito mais\" \/>\n<meta name=\"robots\" content=\"index, follow, max-snippet:-1, max-image-preview:large, max-video-preview:-1\" \/>\n<link rel=\"canonical\" href=\"https:\/\/lapiendrius.com.br\/pt\/oleos\/\" \/>\n<meta property=\"og:locale\" content=\"pt_BR\" \/>\n<meta property=\"og:type\" content=\"article\" \/>\n<meta property=\"og:title\" content=\"\u00d3leos Essenciais | Lapiendrius Flavors\" \/>\n<meta property=\"og:description\" content=\"Fornecemos os mais diversos tipos de \u00d3leos Essenciais onde garantimos qualidade e pre\u00e7o nas varia\u00e7\u00f5es de folhas, frutos, ra\u00edzes e muito mais\" \/>\n<meta property=\"og:url\" content=\"https:\/\/lapiendrius.com.br\/pt\/oleos\/\" \/>\n<meta property=\"og:site_name\" content=\"Lapiendrius Flavors\" \/>\n<meta property=\"article:publisher\" content=\"https:\/\/www.facebook.com\/lapiendriusflavors\" \/>\n<meta property=\"article:modified_time\" content=\"2025-06-17T16:33:38+00:00\" \/>\n<meta property=\"og:image\" content=\"https:\/\/lapiendrius.com.br\/pt\/wp-content\/uploads\/2022\/09\/oleos-essenciais-Lapiendrius.jpg\" \/>\n\t<meta property=\"og:image:width\" content=\"540\" \/>\n\t<meta property=\"og:image:height\" content=\"540\" \/>\n\t<meta property=\"og:image:type\" content=\"image\/jpeg\" \/>\n<meta name=\"twitter:label1\" content=\"Est. tempo de leitura\" \/>\n\t<meta name=\"twitter:data1\" content=\"3 minutos\" \/>\n<script type=\"application\/ld+json\" class=\"yoast-schema-graph\">{\"@context\":\"https:\/\/schema.org\",\"@graph\":[{\"@type\":\"WebPage\",\"@id\":\"https:\/\/lapiendrius.com.br\/pt\/oleos\/\",\"url\":\"https:\/\/lapiendrius.com.br\/pt\/oleos\/\",\"name\":\"\u00d3leos Essenciais | Lapiendrius Flavors\",\"isPartOf\":{\"@id\":\"https:\/\/lapiendrius.com.br\/pt\/#website\"},\"primaryImageOfPage\":{\"@id\":\"https:\/\/lapiendrius.com.br\/pt\/oleos\/#primaryimage\"},\"image\":{\"@id\":\"https:\/\/lapiendrius.com.br\/pt\/oleos\/#primaryimage\"},\"thumbnailUrl\":\"https:\/\/lapiendrius.com.br\/pt\/wp-content\/uploads\/2022\/09\/oleos-essenciais-Lapiendrius.jpg\",\"datePublished\":\"2021-05-12T14:27:27+00:00\",\"dateModified\":\"2025-06-17T16:33:38+00:00\",\"description\":\"Fornecemos os mais diversos tipos de \u00d3leos Essenciais onde garantimos qualidade e pre\u00e7o nas varia\u00e7\u00f5es de folhas, frutos, ra\u00edzes e muito mais\",\"breadcrumb\":{\"@id\":\"https:\/\/lapiendrius.com.br\/pt\/oleos\/#breadcrumb\"},\"inLanguage\":\"pt-BR\",\"potentialAction\":[{\"@type\":\"ReadAction\",\"target\":[\"https:\/\/lapiendrius.com.br\/pt\/oleos\/\"]}]},{\"@type\":\"ImageObject\",\"inLanguage\":\"pt-BR\",\"@id\":\"https:\/\/lapiendrius.com.br\/pt\/oleos\/#primaryimage\",\"url\":\"https:\/\/lapiendrius.com.br\/pt\/wp-content\/uploads\/2022\/09\/oleos-essenciais-Lapiendrius.jpg\",\"contentUrl\":\"https:\/\/lapiendrius.com.br\/pt\/wp-content\/uploads\/2022\/09\/oleos-essenciais-Lapiendrius.jpg\",\"width\":540,\"height\":540,\"caption\":\"\u00f3leos essenciais Lapiendrius\"},{\"@type\":\"BreadcrumbList\",\"@id\":\"https:\/\/lapiendrius.com.br\/pt\/oleos\/#breadcrumb\",\"itemListElement\":[{\"@type\":\"ListItem\",\"position\":1,\"name\":\"In\u00edcio\",\"item\":\"https:\/\/lapiendrius.com.br\/pt\/\"},{\"@type\":\"ListItem\",\"position\":2,\"name\":\"\u00d3leos Essenciais\"}]},{\"@type\":\"WebSite\",\"@id\":\"https:\/\/lapiendrius.com.br\/pt\/#website\",\"url\":\"https:\/\/lapiendrius.com.br\/pt\/\",\"name\":\"Lapiendrius Flavors\",\"description\":\"Liberte seus sentidos!\",\"publisher\":{\"@id\":\"https:\/\/lapiendrius.com.br\/pt\/#organization\"},\"potentialAction\":[{\"@type\":\"SearchAction\",\"target\":{\"@type\":\"EntryPoint\",\"urlTemplate\":\"https:\/\/lapiendrius.com.br\/pt\/?s={search_term_string}\"},\"query-input\":{\"@type\":\"PropertyValueSpecification\",\"valueRequired\":true,\"valueName\":\"search_term_string\"}}],\"inLanguage\":\"pt-BR\"},{\"@type\":\"Organization\",\"@id\":\"https:\/\/lapiendrius.com.br\/pt\/#organization\",\"name\":\"Lapiendrius Flavors\",\"url\":\"https:\/\/lapiendrius.com.br\/pt\/\",\"logo\":{\"@type\":\"ImageObject\",\"inLanguage\":\"pt-BR\",\"@id\":\"https:\/\/lapiendrius.com.br\/pt\/#\/schema\/logo\/image\/\",\"url\":\"https:\/\/lapiendrius.com.br\/pt\/wp-content\/uploads\/2018\/06\/lapiendrius-logo-PNG-RED.png\",\"contentUrl\":\"https:\/\/lapiendrius.com.br\/pt\/wp-content\/uploads\/2018\/06\/lapiendrius-logo-PNG-RED.png\",\"width\":1,\"height\":1,\"caption\":\"Lapiendrius Flavors\"},\"image\":{\"@id\":\"https:\/\/lapiendrius.com.br\/pt\/#\/schema\/logo\/image\/\"},\"sameAs\":[\"https:\/\/www.facebook.com\/lapiendriusflavors\",\"https:\/\/www.instagram.com\/lapiendrius_flavors\/\",\"https:\/\/www.linkedin.com\/company\/lapiendrius-flavors\/?originalSubdomain=pt\",\"https:\/\/www.youtube.com\/channel\/UCfx1lAZii3h0_paE11UqQCw\"]}]}<\/script>\n<!-- \/ Yoast SEO plugin. -->","yoast_head_json":{"title":"\u00d3leos Essenciais | Lapiendrius Flavors","description":"Fornecemos os mais diversos tipos de \u00d3leos Essenciais onde garantimos qualidade e pre\u00e7o nas varia\u00e7\u00f5es de folhas, frutos, ra\u00edzes e muito mais","robots":{"index":"index","follow":"follow","max-snippet":"max-snippet:-1","max-image-preview":"max-image-preview:large","max-video-preview":"max-video-preview:-1"},"canonical":"https:\/\/lapiendrius.com.br\/pt\/oleos\/","og_locale":"pt_BR","og_type":"article","og_title":"\u00d3leos Essenciais | Lapiendrius Flavors","og_description":"Fornecemos os mais diversos tipos de \u00d3leos Essenciais onde garantimos qualidade e pre\u00e7o nas varia\u00e7\u00f5es de folhas, frutos, ra\u00edzes e muito mais","og_url":"https:\/\/lapiendrius.com.br\/pt\/oleos\/","og_site_name":"Lapiendrius Flavors","article_publisher":"https:\/\/www.facebook.com\/lapiendriusflavors","article_modified_time":"2025-06-17T16:33:38+00:00","og_image":[{"width":540,"height":540,"url":"https:\/\/lapiendrius.com.br\/pt\/wp-content\/uploads\/2022\/09\/oleos-essenciais-Lapiendrius.jpg","type":"image\/jpeg"}],"twitter_misc":{"Est. tempo de leitura":"3 minutos"},"schema":{"@context":"https:\/\/schema.org","@graph":[{"@type":"WebPage","@id":"https:\/\/lapiendrius.com.br\/pt\/oleos\/","url":"https:\/\/lapiendrius.com.br\/pt\/oleos\/","name":"\u00d3leos Essenciais | Lapiendrius Flavors","isPartOf":{"@id":"https:\/\/lapiendrius.com.br\/pt\/#website"},"primaryImageOfPage":{"@id":"https:\/\/lapiendrius.com.br\/pt\/oleos\/#primaryimage"},"image":{"@id":"https:\/\/lapiendrius.com.br\/pt\/oleos\/#primaryimage"},"thumbnailUrl":"https:\/\/lapiendrius.com.br\/pt\/wp-content\/uploads\/2022\/09\/oleos-essenciais-Lapiendrius.jpg","datePublished":"2021-05-12T14:27:27+00:00","dateModified":"2025-06-17T16:33:38+00:00","description":"Fornecemos os mais diversos tipos de \u00d3leos Essenciais onde garantimos qualidade e pre\u00e7o nas varia\u00e7\u00f5es de folhas, frutos, ra\u00edzes e muito mais","breadcrumb":{"@id":"https:\/\/lapiendrius.com.br\/pt\/oleos\/#breadcrumb"},"inLanguage":"pt-BR","potentialAction":[{"@type":"ReadAction","target":["https:\/\/lapiendrius.com.br\/pt\/oleos\/"]}]},{"@type":"ImageObject","inLanguage":"pt-BR","@id":"https:\/\/lapiendrius.com.br\/pt\/oleos\/#primaryimage","url":"https:\/\/lapiendrius.com.br\/pt\/wp-content\/uploads\/2022\/09\/oleos-essenciais-Lapiendrius.jpg","contentUrl":"https:\/\/lapiendrius.com.br\/pt\/wp-content\/uploads\/2022\/09\/oleos-essenciais-Lapiendrius.jpg","width":540,"height":540,"caption":"\u00f3leos essenciais Lapiendrius"},{"@type":"BreadcrumbList","@id":"https:\/\/lapiendrius.com.br\/pt\/oleos\/#breadcrumb","itemListElement":[{"@type":"ListItem","position":1,"name":"In\u00edcio","item":"https:\/\/lapiendrius.com.br\/pt\/"},{"@type":"ListItem","position":2,"name":"\u00d3leos Essenciais"}]},{"@type":"WebSite","@id":"https:\/\/lapiendrius.com.br\/pt\/#website","url":"https:\/\/lapiendrius.com.br\/pt\/","name":"Lapiendrius Flavors","description":"Liberte seus sentidos!","publisher":{"@id":"https:\/\/lapiendrius.com.br\/pt\/#organization"},"potentialAction":[{"@type":"SearchAction","target":{"@type":"EntryPoint","urlTemplate":"https:\/\/lapiendrius.com.br\/pt\/?s={search_term_string}"},"query-input":{"@type":"PropertyValueSpecification","valueRequired":true,"valueName":"search_term_string"}}],"inLanguage":"pt-BR"},{"@type":"Organization","@id":"https:\/\/lapiendrius.com.br\/pt\/#organization","name":"Lapiendrius Flavors","url":"https:\/\/lapiendrius.com.br\/pt\/","logo":{"@type":"ImageObject","inLanguage":"pt-BR","@id":"https:\/\/lapiendrius.com.br\/pt\/#\/schema\/logo\/image\/","url":"https:\/\/lapiendrius.com.br\/pt\/wp-content\/uploads\/2018\/06\/lapiendrius-logo-PNG-RED.png","contentUrl":"https:\/\/lapiendrius.com.br\/pt\/wp-content\/uploads\/2018\/06\/lapiendrius-logo-PNG-RED.png","width":1,"height":1,"caption":"Lapiendrius Flavors"},"image":{"@id":"https:\/\/lapiendrius.com.br\/pt\/#\/schema\/logo\/image\/"},"sameAs":["https:\/\/www.facebook.com\/lapiendriusflavors","https:\/\/www.instagram.com\/lapiendrius_flavors\/","https:\/\/www.linkedin.com\/company\/lapiendrius-flavors\/?originalSubdomain=pt","https:\/\/www.youtube.com\/channel\/UCfx1lAZii3h0_paE11UqQCw"]}]}},"uagb_featured_image_src":{"full":["https:\/\/lapiendrius.com.br\/pt\/wp-content\/uploads\/2022\/09\/oleos-essenciais-Lapiendrius.jpg",540,540,false],"thumbnail":["https:\/\/lapiendrius.com.br\/pt\/wp-content\/uploads\/2022\/09\/oleos-essenciais-Lapiendrius-150x150.jpg",150,150,true],"medium":["https:\/\/lapiendrius.com.br\/pt\/wp-content\/uploads\/2022\/09\/oleos-essenciais-Lapiendrius-300x300.jpg",300,300,true],"medium_large":["https:\/\/lapiendrius.com.br\/pt\/wp-content\/uploads\/2022\/09\/oleos-essenciais-Lapiendrius.jpg",540,540,false],"large":["https:\/\/lapiendrius.com.br\/pt\/wp-content\/uploads\/2022\/09\/oleos-essenciais-Lapiendrius.jpg",540,540,false],"1536x1536":["https:\/\/lapiendrius.com.br\/pt\/wp-content\/uploads\/2022\/09\/oleos-essenciais-Lapiendrius.jpg",540,540,false],"2048x2048":["https:\/\/lapiendrius.com.br\/pt\/wp-content\/uploads\/2022\/09\/oleos-essenciais-Lapiendrius.jpg",540,540,false],"portfolio-thumb":["https:\/\/lapiendrius.com.br\/pt\/wp-content\/uploads\/2022\/09\/oleos-essenciais-Lapiendrius-540x403.jpg",540,403,true],"portfolio-thumb_small":["https:\/\/lapiendrius.com.br\/pt\/wp-content\/uploads\/2022\/09\/oleos-essenciais-Lapiendrius-400x269.jpg",400,269,true],"portfolio-widget":["https:\/\/lapiendrius.com.br\/pt\/wp-content\/uploads\/2022\/09\/oleos-essenciais-Lapiendrius-100x100.jpg",100,100,true],"nectar_small_square":["https:\/\/lapiendrius.com.br\/pt\/wp-content\/uploads\/2022\/09\/oleos-essenciais-Lapiendrius-140x140.jpg",140,140,true],"wide":["https:\/\/lapiendrius.com.br\/pt\/wp-content\/uploads\/2022\/09\/oleos-essenciais-Lapiendrius-540x500.jpg",540,500,true],"wide_small":["https:\/\/lapiendrius.com.br\/pt\/wp-content\/uploads\/2022\/09\/oleos-essenciais-Lapiendrius-540x335.jpg",540,335,true],"regular":["https:\/\/lapiendrius.com.br\/pt\/wp-content\/uploads\/2022\/09\/oleos-essenciais-Lapiendrius-500x500.jpg",500,500,true],"regular_small":["https:\/\/lapiendrius.com.br\/pt\/wp-content\/uploads\/2022\/09\/oleos-essenciais-Lapiendrius-350x350.jpg",350,350,true],"tall":["https:\/\/lapiendrius.com.br\/pt\/wp-content\/uploads\/2022\/09\/oleos-essenciais-Lapiendrius-500x540.jpg",500,540,true],"wide_tall":["https:\/\/lapiendrius.com.br\/pt\/wp-content\/uploads\/2022\/09\/oleos-essenciais-Lapiendrius.jpg",540,540,false],"wide_photography":["https:\/\/lapiendrius.com.br\/pt\/wp-content\/uploads\/2022\/09\/oleos-essenciais-Lapiendrius.jpg",540,540,false],"large_featured":["https:\/\/lapiendrius.com.br\/pt\/wp-content\/uploads\/2022\/09\/oleos-essenciais-Lapiendrius.jpg",540,540,false],"medium_featured":["https:\/\/lapiendrius.com.br\/pt\/wp-content\/uploads\/2022\/09\/oleos-essenciais-Lapiendrius.jpg",540,540,false],"psacp-medium":["https:\/\/lapiendrius.com.br\/pt\/wp-content\/uploads\/2022\/09\/oleos-essenciais-Lapiendrius.jpg",500,500,false]},"uagb_author_info":{"display_name":"Cinthia Moreira","author_link":"https:\/\/lapiendrius.com.br\/pt\/author\/wesley\/"},"uagb_comment_info":0,"uagb_excerpt":"[vc_row type=&#8221;in_container&#8221; full_screen_row_position=&#8221;middle&#8221; scene_position=&#8221;center&#8221; text_color=&#8221;dark&#8221; text_align=&#8221;left&#8221; top_padding=&#8221;4%&#8221; overlay_strength=&#8221;0.3&#8243; shape_divider_position=&#8221;bottom&#8221; shape_type=&#8221;&#8221;][vc_column enable_animation=&#8221;true&#8221; animation=&#8221;none&#8221; column_padding=&#8221;no-extra-padding&#8221; column_padding_position=&#8221;top&#8221; background_color_opacity=&#8221;1&#8243; background_hover_color_opacity=&#8221;1&#8243; column_shadow=&#8221;none&#8221; column_border_radius=&#8221;none&#8221; width=&#8221;1\/4&#8243; tablet_text_alignment=&#8221;default&#8221; phone_text_alignment=&#8221;default&#8221; column_border_width=&#8221;none&#8221; column_border_style=&#8221;solid&#8221; delay=&#8221;200&#8243;][vc_column_text css_animation=&#8221;none&#8221; css=&#8221;.vc_custom_1750177980705{padding-bottom: 4% !important;}&#8221;] Nossos produtos:...","_links":{"self":[{"href":"https:\/\/lapiendrius.com.br\/pt\/wp-json\/wp\/v2\/pages\/4014","targetHints":{"allow":["GET"]}}],"collection":[{"href":"https:\/\/lapiendrius.com.br\/pt\/wp-json\/wp\/v2\/pages"}],"about":[{"href":"https:\/\/lapiendrius.com.br\/pt\/wp-json\/wp\/v2\/types\/page"}],"author":[{"embeddable":true,"href":"https:\/\/lapiendrius.com.br\/pt\/wp-json\/wp\/v2\/users\/6"}],"replies":[{"embeddable":true,"href":"https:\/\/lapiendrius.com.br\/pt\/wp-json\/wp\/v2\/comments?post=4014"}],"version-history":[{"count":14,"href":"https:\/\/lapiendrius.com.br\/pt\/wp-json\/wp\/v2\/pages\/4014\/revisions"}],"predecessor-version":[{"id":6369,"href":"https:\/\/lapiendrius.com.br\/pt\/wp-json\/wp\/v2\/pages\/4014\/revisions\/6369"}],"wp:featuredmedia":[{"embeddable":true,"href":"https:\/\/lapiendrius.com.br\/pt\/wp-json\/wp\/v2\/media\/5427"}],"wp:attachment":[{"href":"https:\/\/lapiendrius.com.br\/pt\/wp-json\/wp\/v2\/media?parent=4014"}],"curies":[{"name":"wp","href":"https:\/\/api.w.org\/{rel}","templated":true}]}}